{"id":2926,"date":"2019-11-05T14:15:04","date_gmt":"2019-11-05T14:15:04","guid":{"rendered":"https:\/\/distributed-ventures.li\/cms\/?page_id=2926"},"modified":"2021-03-03T17:00:03","modified_gmt":"2021-03-03T17:00:03","slug":"data-protection","status":"publish","type":"page","link":"https:\/\/distributed-ventures.li\/cms\/en\/data-protection\/","title":{"rendered":"data protection"},"content":{"rendered":"[vc_row type=&#8220;in_container&#8220; full_screen_row_position=&#8220;middle&#8220; column_margin=&#8220;default&#8220; scene_position=&#8220;center&#8220; text_color=&#8220;dark&#8220; text_align=&#8220;left&#8220; overlay_strength=&#8220;0.3&#8243; shape_divider_position=&#8220;bottom&#8220; bg_image_animation=&#8220;none&#8220;][vc_column column_padding=&#8220;no-extra-padding&#8220; column_padding_position=&#8220;all&#8220; background_color_opacity=&#8220;1&#8243; background_hover_color_opacity=&#8220;1&#8243; column_link_target=&#8220;_self&#8220; column_shadow=&#8220;none&#8220; column_border_radius=&#8220;none&#8220; width=&#8220;1\/1&#8243; tablet_width_inherit=&#8220;default&#8220; tablet_text_alignment=&#8220;default&#8220; phone_text_alignment=&#8220;default&#8220; overlay_strength=&#8220;0.3&#8243; column_border_width=&#8220;none&#8220; column_border_style=&#8220;solid&#8220; bg_image_animation=&#8220;none&#8220;][vc_column_text css=&#8220;.vc_custom_1572962688644{padding-bottom: 25px !important;}&#8220;]\r\n<h3><strong>Data protection<\/strong><\/h3>\r\n[\/vc_column_text][vc_column_text]\r\n<h3>I.\u00a0\u00a0\u00a0 Name und Adresse des Verantwortlichen<\/h3>\r\n\r\n<p>Die Verantwortliche im Sinne der Datenschutz-Grundverordnung und anderer nationaler Datenschutzgesetze der Mitgliedsstaaten sowie sonstiger datenschutzrechtlicher Bestimmungen ist<\/p>\r\n\r\n<p>Distributed Ventures AG<br \/>Landstrasse 14<br \/>9496 Balzers<br \/>Liechtenstein<\/p>\r\n\r\n+423 791 05 44<br \/><a href=\"mailto:office@distributed-ventures.li\">office@distributed-ventures.li<\/a><br \/><a href=\"http:\/\/www.distributed-ventures.li\">www.distributed-ventures.li<\/a><br \/>\r\n\r\n<h3>II.\u00a0\u00a0\u00a0 Allgemeines zur Datenverarbeitung<\/h3>\r\n<br \/>\r\n<h4>1. Beschreibung und Umfang der Verarbeitung personenbezogener Daten<\/h4>\r\n\r\n<p>Wir erheben und verwenden personenbezogene Daten unserer Nutzer grunds\u00e4tzlich nur, soweit dies zur Bereitstellung einer funktionsf\u00e4higen Website sowie unserer Inhalte und Leistungen erforderlich ist. Die Erhebung und Verwendung personenbezogener Daten unserer Nutzer erfolgt regelm\u00e4ssig nur nach Einwilligung des Nutzers. Eine Ausnahme gilt in solchen F\u00e4llen, in denen eine vorherige Einholung einer Einwilligung aus tats\u00e4chlichen Gr\u00fcnden nicht m\u00f6glich ist und die Verarbeitung der Daten durch gesetzliche Vorschriften gestattet ist.<\/p>\r\n<br \/>\r\n<h4>2. Rechtsgrundlage f\u00fcr die Verarbeitung personenbezogener Daten<\/h4>\r\n\r\n<p>Soweit wir f\u00fcr Verarbeitungsvorg\u00e4nge personenbezogener Daten eine Einwilligung der betroffenen Person einholen, dient Art.\u00a06 Abs.\u00a01 lit.\u00a0a EU-Datenschutzgrundverordnung (DSGVO) als Rechtsgrundlage f\u00fcr die Verarbeitung personenbezogener Daten.<\/p>\r\n\r\n<p>Bei der Verarbeitung von personenbezogenen Daten, die zur Erf\u00fcllung eines Vertrages, dessen Vertragspartei die betroffene Person ist, erforderlich ist, dient Art.\u00a06 Abs.\u00a01 lit.\u00a0b DSGVO als Rechtsgrundlage. Dies gilt auch f\u00fcr Verarbeitungsvorg\u00e4nge, die zur Durchf\u00fchrung vorvertraglicher Massnahmen erforderlich sind.<\/p>\r\n\r\n<p>Soweit eine Verarbeitung personenbezogener Daten zur Erf\u00fcllung einer rechtlichen Verpflichtung erforderlich ist, der unser Unternehmen unterliegt, dient Art.\u00a06 Abs.\u00a01 lit.\u00a0c DSGVO als Rechtsgrundlage.<\/p>\r\n\r\n<p>F\u00fcr den Fall, dass lebenswichtige Interessen der betroffenen Person oder einer anderen nat\u00fcrlichen Person eine Verarbeitung personenbezogener Daten erforderlich machen, dient Art.\u00a06 Abs.\u00a01 lit.\u00a0d DSGVO als Rechtsgrundlage.<\/p>\r\n\r\n<p>Ist die Verarbeitung zur Wahrung eines berechtigten Interesses unseres Unternehmens oder eines Dritten erforderlich und \u00fcberwiegen die Interessen, Grundrechte und Grundfreiheiten des Betroffenen das erstgenannte Interesse nicht, so dient Art.\u00a06 Abs.\u00a01 lit.\u00a0f DSGVO als Rechtsgrundlage f\u00fcr die Verarbeitung.<\/p>\r\n<br \/>\r\n<h4>3. Datenl\u00f6schung und Speicherdauer<\/h4>\r\n\r\n<p>Die personenbezogenen Daten der betroffenen Person werden gel\u00f6scht oder gesperrt, sobald der Zweck der Speicherung entf\u00e4llt. Eine Speicherung kann dar\u00fcber hinaus dann erfolgen, wenn dies durch den europ\u00e4ischen oder nationalen Gesetzgeber in unionsrechtlichen Verordnungen, Gesetzen oder sonstigen Vorschriften, denen der Verantwortliche unterliegt, vorgesehen wurde. Eine Sperrung oder L\u00f6schung der Daten erfolgt auch dann, wenn eine durch die genannten Normen vorgeschriebene Speicherfrist abl\u00e4uft, es sei denn, dass eine Erforderlichkeit zur weiteren Speicherung der Daten f\u00fcr einen Vertragsabschluss oder eine Vertragserf\u00fcllung besteht.<\/p>\r\n<br \/>\r\n<h3>III.\u00a0\u00a0\u00a0 Bereitstellung der Website und Erstellung von Logfiles<\/h3>\r\n<br \/>\r\n<h4>1. Beschreibung und Umfang der Datenverarbeitung<\/h4>\r\n\r\n<p>Bei jedem Aufruf unserer Internetseite erfasst unser System automatisiert Daten und Informationen vom Computersystem des aufrufenden Rechners.<\/p>\r\n\r\n<p>Folgende Daten werden hierbei erhoben:<\/p>\r\n<br \/>\r\n<ul>\r\n<li>Informationen \u00fcber den Browsertyp und die verwendete Version<\/li>\r\n<li>Das Betriebssystem des Nutzers<\/li>\r\n<li>Den Internet-Service-Provider des Nutzers<\/li>\r\n<li>Die IP-Adresse des Nutzers<\/li>\r\n<li>Datum und Uhrzeit des Zugriffs<\/li>\r\n<li>Websites, von denen das System des Nutzers auf unsere Internetseite gelangt<\/li>\r\n<\/ul>\r\n\r\n<p>Die Daten werden ebenfalls in den Logfiles unseres Systems gespeichert. Eine Speicherung dieser Daten zusammen mit anderen personenbezogenen Daten des Nutzers findet nicht statt.<\/p>\r\n<br \/>\r\n<h4>2. Rechtsgrundlage f\u00fcr die Datenverarbeitung<\/h4>\r\n\r\n<p>Rechtsgrundlage f\u00fcr die vor\u00fcbergehende Speicherung der Daten und der Logfiles ist Art. 6 Abs. 1 lit. f DSGVO.<\/p>\r\n<br \/>\r\n<h4>3. Zweck der Datenverarbeitung<\/h4>\r\n\r\n<p>Die vor\u00fcbergehende Speicherung der IP-Adresse durch das System ist notwendig, um eine Auslieferung der Website an den Rechner des Nutzers zu erm\u00f6glichen. Hierf\u00fcr muss die IP-Adresse des Nutzers f\u00fcr die Dauer der Sitzung gespeichert bleiben.<\/p>\r\n\r\n<p>Die Speicherung in Logfiles erfolgt, um die Funktionsf\u00e4higkeit der Website sicherzustellen. Zudem dienen uns die Daten zur Optimierung der Website und zur Sicherstellung der Sicherheit unserer informationstechnischen Systeme. Eine Auswertung der Daten zu Marketingzwecken findet in diesem Zusammenhang nicht statt.<\/p>\r\n\r\n<p>In diesen Zwecken liegt auch unser berechtigtes Interesse an der Datenverarbeitung nach Art.\u00a06 Abs.\u00a01 lit.\u00a0f DSGVO.<\/p>\r\n<br \/>\r\n<h4>4. Dauer der Speicherung<\/h4>\r\n\r\n<p>Die Daten werden gel\u00f6scht, sobald sie f\u00fcr die Erreichung des Zweckes ihrer Erhebung nicht mehr erforderlich sind. Im Falle der Speicherung der Daten in Logfiles ist dies nach sp\u00e4testens 3 Monaten der Fall. Eine dar\u00fcberhinausgehende Speicherung ist m\u00f6glich. In diesem Fall werden die IP-Adressen der Nutzer gel\u00f6scht oder verfremdet, sodass eine Zuordnung des aufrufenden Clients nicht mehr m\u00f6glich ist.<\/p>\r\n<br \/>\r\n<h4>5. Widerspruchs- und Beseitigungsm\u00f6glichkeit<\/h4>\r\n\r\n<p>Die Erfassung der Daten zur Bereitstellung der Website und die Speicherung der Daten in Logfiles ist f\u00fcr den Betrieb der Internetseite zwingend erforderlich. Es besteht folglich seitens des Nutzers keine Widerspruchsm\u00f6glichkeit.<\/p>\r\n<br \/>\r\n<h3>IV.\u00a0\u00a0\u00a0 Cookies<\/h3>\r\n<br \/>\r\n<h4>1. Beschreibung und Umfang der Datenverarbeitung<\/h4>\r\n\r\n<p>Unsere Website verwendet Cookies. Bei Cookies handelt es sich um Textdateien, die im Internetbrowser bzw. vom Internetbrowser auf dem Computersystem des Nutzers gespeichert werden. Ruft ein Nutzer eine Website auf, so kann ein Cookie auf dem Betriebssystem des Nutzers gespeichert werden. Dieser Cookie enth\u00e4lt eine charakteristische Zeichenfolge, die eine eindeutige Identifizierung des Browsers beim erneuten Aufrufen der Website erm\u00f6glicht.<\/p>\r\n\r\n<p>Wir setzen Cookies ein, um unsere Website nutzerfreundlicher zu gestalten. Einige Elemente unserer Internetseite erfordern es, dass der aufrufende Browser auch nach einem Seitenwechsel identifiziert werden kann.<\/p>\r\n\r\n<p>In den Cookies werden dabei folgende Daten gespeichert und \u00fcbermittelt:<\/p>\r\n<br \/>\r\n<ul>\r\n<li>Spracheinstellungen<\/li>\r\n<\/ul>\r\n\r\n<p>Wir verwenden auf unserer Website dar\u00fcber hinaus Cookies, die eine Analyse des Surfverhaltens der Nutzer erm\u00f6glichen. Auf diese Weise k\u00f6nnen folgende Daten \u00fcbermittelt werden:<\/p>\r\n<br \/>\r\n<ul>\r\n<li>Eingegebene Suchbegriffe<\/li>\r\n<li>H\u00e4ufigkeit von Seitenaufrufen<\/li>\r\n<li>Inanspruchnahme von Website-Funktionen<\/li>\r\n<\/ul>\r\n\r\n<p>Beim Aufruf unserer Website werden die Nutzer durch einen Infobanner \u00fcber die Verwendung von Cookies zu Analysezwecken informiert und auf diese Datenschutzerkl\u00e4rung verwiesen. Es erfolgt in diesem Zusammenhang auch ein Hinweis darauf, wie die Speicherung von Cookies in den Browsereinstellungen unterbunden werden kann.<\/p>\r\n\r\n<p>Weiter Informationen zu den Analyse-Cookies finden Sie in dieser Datenschutzerkl\u00e4rung unter den folgenden Punkten:<\/p>\r\n<br \/>\r\n<ul>\r\n<li>VI. Google Analytics<\/li>\r\n<\/ul>\r\n<br \/>\r\n<h4>2. Rechtsgrundlage f\u00fcr die Datenverarbeitung<\/h4>\r\n\r\n<p>Die Rechtsgrundlage f\u00fcr die Verarbeitung personenbezogener Daten unter Verwendung von Cookies ist Art. 6 Abs. 1 lit. f DSGVO.<\/p>\r\n<br \/>\r\n<h4>3. Zweck der Datenverarbeitung<\/h4>\r\n\r\n<p>Der Zweck der Verwendung technisch notwendiger Cookies ist, die Nutzung von Websites f\u00fcr die Nutzer zu vereinfachen. Einige Funktionen unserer Internetseite k\u00f6nnen ohne den Einsatz von Cookies nicht angeboten werden. F\u00fcr diese ist es erforderlich, dass der Browser auch nach einem Seitenwechsel wiedererkannt wird.<\/p>\r\n\r\n<p>F\u00fcr folgende Anwendungen ben\u00f6tigen wir Cookies:<\/p>\r\n<br \/>\r\n<ul>\r\n<li>\u00dcbernahme von Spracheinstellungen<\/li>\r\n<li>Merken von Suchbegriffen<\/li>\r\n<\/ul>\r\n\r\n<p>Die durch technisch notwendige Cookies erhobenen Nutzerdaten werden nicht zur Erstellung von Nutzerprofilen verwendet.<\/p>\r\n\r\n<p>Die Verwendung der Analyse-Cookies erfolgt zu dem Zweck, die Qualit\u00e4t unserer Website und ihre Inhalte zu verbessern. Durch die Analyse-Cookies erfahren wir, wie die Website genutzt wird und k\u00f6nnen so unser Angebot stetig optimieren.<\/p>\r\n\r\n<p>In diesen Zwecken liegt auch unser berechtigtes Interesse in der Verarbeitung der personenbezogenen Daten nach Art.\u00a06 Abs.\u00a01 lit.\u00a0f DSGVO.<\/p>\r\n<br \/>\r\n<h4>4. Widerspruchs- und Beseitigungsm\u00f6glichkeiten<\/h4>\r\n\r\n<p>Cookies werden auf dem Rechner des Nutzers gespeichert und von diesem an unserer Seite \u00fcbermittelt. Daher haben Sie als Nutzer auch die volle Kontrolle \u00fcber die Verwendung von Cookies. Durch eine \u00c4nderung der Einstellungen in Ihrem Internetbrowser k\u00f6nnen Sie die \u00dcbertragung von Cookies deaktivieren oder einschr\u00e4nken. Bereits gespeicherte Cookies k\u00f6nnen jederzeit gel\u00f6scht werden. Dies kann auch automatisiert erfolgen. Werden Cookies f\u00fcr unsere Website deaktiviert, k\u00f6nnen m\u00f6glicherweise nicht mehr alle Funktionen der Website vollumf\u00e4nglich genutzt werden.<\/p>\r\n<br \/>\r\n<h3>V. Google Analytics<\/h3>\r\n<br \/>\r\n<h4>1. Beschreibung und Umfang der Datenverarbeitung<\/h4>\r\n\r\n<p>Wir nutzen bez\u00fcglich dieser Webseite die Komponente Google Analytics (mit Anonymisierungsfunktion). Google Analytics ist ein Web-Analyse-Dienst. Ein Web-Analyse-Dienst erfasst unter anderem Daten dar\u00fcber, von welcher Internetseite eine betroffene Person auf eine Internetseite gekommen ist, auf welche Unterseiten der Internetseite zugegriffen oder wie oft und f\u00fcr welche Verweildauer eine Unterseite betrachtet wurde. Eine Web-Analyse wird \u00fcberwiegend zur Optimierung einer Internetseite und zur Kosten-Nutzen-Analyse von Internetwerbung eingesetzt.<\/p>\r\n\r\n<p>Betreibergesellschaft der Google-Analytics-Komponente ist die Google LLC, 1600 Amphitheatre Pkwy, Mountain View, CA 94043-1351, USA.<\/p>\r\n\r\n<p>Wir verwenden f\u00fcr die Web-Analyse \u00fcber Google Analytics den Zusatz &#8222;_gat._anonymizeIp&#8220;. Mittels dieses Zusatzes wird die IP-Adresse des Internetanschlusses der betroffenen Person von Google gek\u00fcrzt und anonymisiert, wenn der Zugriff auf unsere Webseite aus einem Mitgliedstaat der Europ\u00e4ischen Union oder aus einem anderen Vertragsstaat des Abkommens \u00fcber den Europ\u00e4ischen Wirtschaftsraum erfolgt.<\/p>\r\n\r\n<p>Mit Setzung des Cookies wird Google eine Analyse der Benutzung unserer Internetseite erm\u00f6glicht. Durch jeden Aufruf einer der Einzelseiten dieser Internetseite wird der Internetbrowser auf ihrem Endger\u00e4t automatisch durch die jeweilige Google-Analytics-Komponente veranlasst, Daten zum Zwecke der Online-Analyse an Google zu \u00fcbermitteln. Im Rahmen dieses technischen Verfahrens erh\u00e4lt Google Kenntnis \u00fcber personenbezogene Daten, wie die IP-Adresse, die Google unter anderem dazu dienen, die Herkunft der Besucher und Klicks nachzuvollziehen und in der Folge Provisionsabrechnungen zu erm\u00f6glichen.<\/p>\r\n\r\n<p>Mittels des Cookies werden personenbezogene Informationen, beispielsweise die Zugriffszeit, der Ort, von welchem ein Zugriff ausging und die H\u00e4ufigkeit der Besuche unserer Internetseite gespeichert. Bei jedem Besuch unserer Webseite werden diese personenbezogenen Daten, einschliesslich der IP-Adresse des von Ihnen genutzten Internetanschlusses, an Google in den Vereinigten Staaten von Amerika \u00fcbertragen. Diese personenbezogenen Daten werden durch Google in den Vereinigten Staaten von Amerika gespeichert. Google gibt diese \u00fcber das technische Verfahren erhobenen personenbezogenen Daten unter Umst\u00e4nden an Dritte weiter.<\/p>\r\n<br \/>\r\n<h4>2. Rechtsgrundlage der Datenverarbeitung<\/h4>\r\n\r\n<p>Rechtsgrundlage f\u00fcr die Datenverarbeitung sind unsere berechtigten Interessen gem. Art. 6 Abs. 1 lit. f DSGVO.<\/p>\r\n<br \/>\r\n<h4>3. Zweck der Datenverarbeitung<\/h4>\r\n\r\n<p>Der Zweck der Google-Analytics-Komponente ist die Analyse der Besucherstr\u00f6me auf unserer Internetseite. Google nutzt die gewonnenen Daten und Informationen unter anderem dazu, die Nutzung unserer Internetseite auszuwerten, um f\u00fcr uns Online-Reports, welche die Aktivit\u00e4ten auf unseren Internetseiten aufzeigen, zusammenzustellen, und um weitere mit der Nutzung unserer Internetseite in Verbindung stehende Dienstleistungen zu erbringen.<\/p>\r\n\r\n<p>In diesen Zwecken liegt auch unser berechtigtes Interesse in der Verarbeitung der personenbezogenen Daten nach Art. 6 Abs. 1 lit. f DSGVO.<\/p>\r\n<br \/>\r\n<h4>4. Widerspruchs- und Beseitigungsm\u00f6glichkeit<\/h4>\r\n\r\n<p>Sie k\u00f6nnen die Setzung von Cookies jederzeit mittels einer entsprechenden Einstellung des genutzten Internetbrowsers verhindern und damit der Setzung von Cookies dauerhaft widersprechen. Eine solche Einstellung des genutzten Internetbrowsers w\u00fcrde auch verhindern, dass Google ein Cookie auf Ihrem Endger\u00e4t setzt. Zudem kann ein von Google Analytics bereits gesetzter Cookie jederzeit \u00fcber den Internetbrowser oder andere Softwareprogramme gel\u00f6scht werden.<\/p>\r\n\r\n<p>Ferner haben Sie die M\u00f6glichkeit, einer Erfassung der durch Google Analytics erzeugten, auf eine Nutzung dieser Internetseite bezogenen Daten sowie der Verarbeitung dieser Daten durch Google zu widersprechen und eine solche zu verhindern. Hierzu m\u00fcssen Sie ein Browser-Add-On unter dem Link <a href=\"https:\/\/tools.google.com\/dlpage\/gaoptout\">https:\/\/tools.google.com\/dlpage\/gaoptout<\/a> herunterladen und installieren. Dieses Browser-Add-On teilt Google Analytics \u00fcber JavaScript mit, dass keine Daten und Informationen zu den Besuchen von Internetseiten an Google Analytics \u00fcbermittelt werden d\u00fcrfen. Die Installation des Browser-Add-Ons wird von Google als Widerspruch gewertet. Wird Ihr informationstechnologisches System zu einem sp\u00e4teren Zeitpunkt gel\u00f6scht, formatiert oder neu installiert, muss eine erneute Installation des Browser-Add-Ons erfolgen, um Google Analytics zu deaktivieren. Sofern das Browser-Add-On durch Sie deinstalliert oder deaktiviert wird, besteht die M\u00f6glichkeit der Neuinstallation oder der erneuten Aktivierung des Browser-Add-Ons.<\/p>\r\n\r\n<p>&nbsp;<\/p>\r\n[\/vc_column_text][\/vc_column][\/vc_row]\r\n","protected":false},"excerpt":{"rendered":"<p>[vc_row type=&#8220;in_container&#8220; full_screen_row_position=&#8220;middle&#8220; column_margin=&#8220;default&#8220; scene_position=&#8220;center&#8220; text_color=&#8220;dark&#8220; text_align=&#8220;left&#8220; overlay_strength=&#8220;0.3&#8243; shape_divider_position=&#8220;bottom&#8220; bg_image_animation=&#8220;none&#8220;][vc_column column_padding=&#8220;no-extra-padding&#8220; column_padding_position=&#8220;all&#8220; background_color_opacity=&#8220;1&#8243; background_hover_color_opacity=&#8220;1&#8243; column_link_target=&#8220;_self&#8220; column_shadow=&#8220;none&#8220; column_border_radius=&#8220;none&#8220; width=&#8220;1\/1&#8243; tablet_width_inherit=&#8220;default&#8220; tablet_text_alignment=&#8220;default&#8220; phone_text_alignment=&#8220;default&#8220; overlay_strength=&#8220;0.3&#8243; column_border_width=&#8220;none&#8220; column_border_style=&#8220;solid&#8220; bg_image_animation=&#8220;none&#8220;][vc_column_text css=&#8220;.vc_custom_1572962688644{padding-bottom: 25px !important;}&#8220;] Data protection&#8230;<\/p>\n","protected":false},"author":1,"featured_media":0,"parent":0,"menu_order":0,"comment_status":"closed","ping_status":"closed","template":"","meta":[],"_links":{"self":[{"href":"https:\/\/distributed-ventures.li\/cms\/wp-json\/wp\/v2\/pages\/2926"}],"collection":[{"href":"https:\/\/distributed-ventures.li\/cms\/wp-json\/wp\/v2\/pages"}],"about":[{"href":"https:\/\/distributed-ventures.li\/cms\/wp-json\/wp\/v2\/types\/page"}],"author":[{"embeddable":true,"href":"https:\/\/distributed-ventures.li\/cms\/wp-json\/wp\/v2\/users\/1"}],"replies":[{"embeddable":true,"href":"https:\/\/distributed-ventures.li\/cms\/wp-json\/wp\/v2\/comments?post=2926"}],"version-history":[{"count":4,"href":"https:\/\/distributed-ventures.li\/cms\/wp-json\/wp\/v2\/pages\/2926\/revisions"}],"predecessor-version":[{"id":2998,"href":"https:\/\/distributed-ventures.li\/cms\/wp-json\/wp\/v2\/pages\/2926\/revisions\/2998"}],"wp:attachment":[{"href":"https:\/\/distributed-ventures.li\/cms\/wp-json\/wp\/v2\/media?parent=2926"}],"curies":[{"name":"wp","href":"https:\/\/api.w.org\/{rel}","templated":true}]}}